{"id":2383,"date":"2022-02-10T22:41:15","date_gmt":"2022-02-10T22:41:15","guid":{"rendered":"https:\/\/3cingenieros.com\/?post_type=product&#038;p=2383"},"modified":"2025-03-19T07:42:40","modified_gmt":"2025-03-19T07:42:40","slug":"k2phobosbt-a25","status":"publish","type":"product","link":"https:\/\/3cingenieros.com\/index.php\/producto\/k2phobosbt-a25\/","title":{"rendered":"K2PHOBOSBT-A25"},"content":{"rendered":"","protected":false},"excerpt":{"rendered":"<p>KIT DE 2 BRAZOS ELECTROMEC\u00c1NICO MARCA BFT MODELO PHOBOS BT A25. DISPONIBLE EN<br \/>\n110V\/24V. IRREVERSIBLE PARA HOJAS DE HASTA 400KG Y 2.5M. USO INTENSIVO. FINALES DE<br \/>\nCARRERA MAGN\u00c9TICOS Y SISTEMA ANTIDESPLAZAMIENTO.<br \/>\nINCLUYE:<br \/>\nTARJETA ELECTR\u00d3NICA ZARA BT L2 CON SALIDA PARA ELECTROCERRADURA 24V DE 15W.<br \/>\n2 CONTROLES MITTO 2 CANALES.<\/p>\n","protected":false},"featured_media":2381,"comment_status":"open","ping_status":"closed","template":"","meta":[],"product_cat":[28],"product_tag":[],"yoast_head":"<!-- This site is optimized with the Yoast SEO plugin v16.4 - https:\/\/yoast.com\/wordpress\/plugins\/seo\/ -->\n<title>K2PHOBOSBT-A25 - 3CIngenieros BFT BTA-A-25<\/title>\n<meta name=\"description\" content=\"Brazo BFT BTA-25. KIT DE 2 BRAZOS ELECTROMEC\u00c1NICO MARCA BFT MODELO PHOBOS BT A25. DISPONIBLE . Puertas el\u00e9ctricas autom\u00e1ticas.\" \/>\n<meta name=\"robots\" content=\"index, follow, max-snippet:-1, max-image-preview:large, max-video-preview:-1\" \/>\n<link rel=\"canonical\" href=\"https:\/\/3cingenieros.com\/index.php\/producto\/k2phobosbt-a25\/\" \/>\n<meta property=\"og:locale\" content=\"es_ES\" \/>\n<meta property=\"og:type\" content=\"article\" \/>\n<meta property=\"og:title\" content=\"K2PHOBOSBT-A25 - 3CIngenieros BFT BTA-A-25\" \/>\n<meta property=\"og:description\" content=\"Brazo BFT BTA-25. KIT DE 2 BRAZOS ELECTROMEC\u00c1NICO MARCA BFT MODELO PHOBOS BT A25. DISPONIBLE . Puertas el\u00e9ctricas autom\u00e1ticas.\" \/>\n<meta property=\"og:url\" content=\"https:\/\/3cingenieros.com\/index.php\/producto\/k2phobosbt-a25\/\" \/>\n<meta property=\"og:site_name\" content=\"3CIngenieros\" \/>\n<meta property=\"article:modified_time\" content=\"2025-03-19T07:42:40+00:00\" \/>\n<meta property=\"og:image\" content=\"http:\/\/3cingenieros.com\/wp-content\/uploads\/2022\/02\/phobosac-big.jpg\" \/>\n\t<meta property=\"og:image:width\" content=\"603\" \/>\n\t<meta property=\"og:image:height\" content=\"416\" \/>\n<meta name=\"twitter:card\" content=\"summary_large_image\" \/>\n<script type=\"application\/ld+json\" class=\"yoast-schema-graph\">{\"@context\":\"https:\/\/schema.org\",\"@graph\":[{\"@type\":\"WebSite\",\"@id\":\"https:\/\/3cingenieros.com\/#website\",\"url\":\"https:\/\/3cingenieros.com\/\",\"name\":\"3CIngenieros\",\"description\":\"Mantenimiento de Sistemas de Parqueo Vehicular\",\"potentialAction\":[{\"@type\":\"SearchAction\",\"target\":\"https:\/\/3cingenieros.com\/?s={search_term_string}\",\"query-input\":\"required name=search_term_string\"}],\"inLanguage\":\"es\"},{\"@type\":\"ImageObject\",\"@id\":\"https:\/\/3cingenieros.com\/index.php\/producto\/k2phobosbt-a25\/#primaryimage\",\"inLanguage\":\"es\",\"url\":\"https:\/\/3cingenieros.com\/wp-content\/uploads\/2022\/02\/phobosac-big.jpg\",\"contentUrl\":\"https:\/\/3cingenieros.com\/wp-content\/uploads\/2022\/02\/phobosac-big.jpg\",\"width\":603,\"height\":416},{\"@type\":\"WebPage\",\"@id\":\"https:\/\/3cingenieros.com\/index.php\/producto\/k2phobosbt-a25\/#webpage\",\"url\":\"https:\/\/3cingenieros.com\/index.php\/producto\/k2phobosbt-a25\/\",\"name\":\"K2PHOBOSBT-A25 - 3CIngenieros BFT BTA-A-25\",\"isPartOf\":{\"@id\":\"https:\/\/3cingenieros.com\/#website\"},\"primaryImageOfPage\":{\"@id\":\"https:\/\/3cingenieros.com\/index.php\/producto\/k2phobosbt-a25\/#primaryimage\"},\"datePublished\":\"2022-02-10T22:41:15+00:00\",\"dateModified\":\"2025-03-19T07:42:40+00:00\",\"description\":\"Brazo BFT BTA-25. KIT DE 2 BRAZOS ELECTROMEC\\u00c1NICO MARCA BFT MODELO PHOBOS BT A25. DISPONIBLE . Puertas el\\u00e9ctricas autom\\u00e1ticas.\",\"breadcrumb\":{\"@id\":\"https:\/\/3cingenieros.com\/index.php\/producto\/k2phobosbt-a25\/#breadcrumb\"},\"inLanguage\":\"es\",\"potentialAction\":[{\"@type\":\"ReadAction\",\"target\":[\"https:\/\/3cingenieros.com\/index.php\/producto\/k2phobosbt-a25\/\"]}]},{\"@type\":\"BreadcrumbList\",\"@id\":\"https:\/\/3cingenieros.com\/index.php\/producto\/k2phobosbt-a25\/#breadcrumb\",\"itemListElement\":[{\"@type\":\"ListItem\",\"position\":1,\"item\":{\"@type\":\"WebPage\",\"@id\":\"https:\/\/3cingenieros.com\/\",\"url\":\"https:\/\/3cingenieros.com\/\",\"name\":\"Portada\"}},{\"@type\":\"ListItem\",\"position\":2,\"item\":{\"@type\":\"WebPage\",\"@id\":\"https:\/\/3cingenieros.com\/index.php\/tienda\/\",\"url\":\"https:\/\/3cingenieros.com\/index.php\/tienda\/\",\"name\":\"Tienda\"}},{\"@type\":\"ListItem\",\"position\":3,\"item\":{\"@id\":\"https:\/\/3cingenieros.com\/index.php\/producto\/k2phobosbt-a25\/#webpage\"}}]}]}<\/script>\n<!-- \/ Yoast SEO plugin. -->","_links":{"self":[{"href":"https:\/\/3cingenieros.com\/index.php\/wp-json\/wp\/v2\/product\/2383"}],"collection":[{"href":"https:\/\/3cingenieros.com\/index.php\/wp-json\/wp\/v2\/product"}],"about":[{"href":"https:\/\/3cingenieros.com\/index.php\/wp-json\/wp\/v2\/types\/product"}],"replies":[{"embeddable":true,"href":"https:\/\/3cingenieros.com\/index.php\/wp-json\/wp\/v2\/comments?post=2383"}],"wp:featuredmedia":[{"embeddable":true,"href":"https:\/\/3cingenieros.com\/index.php\/wp-json\/wp\/v2\/media\/2381"}],"wp:attachment":[{"href":"https:\/\/3cingenieros.com\/index.php\/wp-json\/wp\/v2\/media?parent=2383"}],"wp:term":[{"taxonomy":"product_cat","embeddable":true,"href":"https:\/\/3cingenieros.com\/index.php\/wp-json\/wp\/v2\/product_cat?post=2383"},{"taxonomy":"product_tag","embeddable":true,"href":"https:\/\/3cingenieros.com\/index.php\/wp-json\/wp\/v2\/product_tag?post=2383"}],"curies":[{"name":"wp","href":"https:\/\/api.w.org\/{rel}","templated":true}]}}